{"id":82,"date":"2026-03-16T11:56:20","date_gmt":"2026-03-16T11:56:20","guid":{"rendered":"https:\/\/neu.heizoel-becker-zweibruecken.de\/?page_id=82"},"modified":"2026-05-09T08:12:50","modified_gmt":"2026-05-09T08:12:50","slug":"produkte","status":"publish","type":"page","link":"https:\/\/neu.heizoel-becker-zweibruecken.de\/?page_id=82","title":{"rendered":"Produkte"},"content":{"rendered":"\n<section class=\"produkt-uebersicht\">\n   <div class=\"produkt-grid\">\n\n    <a class=\"produkt-card\" href=\"\/?page_id=429\">\n      <div class=\"produkt-icon\">\ud83d\udd25<\/div>\n      <h3>Heiz\u00f6l<\/h3>\n      <p>\n        &#8211; Heiz\u00f6l Schwefelarm DIN 51603-1 <br>\n\n&#8211; Heiz\u00f6l Plus additiviert\n      <\/p>\n      <span>Mehr erfahren<\/span>\n    <\/a>\n\n    <a class=\"produkt-card\" href=\"\/?page_id=431\">\n      <div class=\"produkt-icon\">\u26fd<\/div>\n      <h3>Diesel<\/h3>\n      <p>\n        &#8211; Diesel additiviert DIN EN 590<br>\n\n&#8211; Sommerdiesel 15.04. &#8211; 15.09.<br>\n\n&#8211; \u00dcbergangsdiesel 01.03. &#8211; 14.04.<br>\n\n&#8211; Winterdiesel 01.11. &#8211; 29.02.\n      <\/p>\n      <span>Mehr erfahren<\/span>\n    <\/a>\n\n    <a class=\"produkt-card\" href=\"\/?page_id=419\">\n      <div class=\"produkt-icon\">\ud83c\udf32<\/div>\n      <h3>Pellets<\/h3>\n      <p>\n        Hochwertige Pellets aus deutscher Produktion als Sackware im 15kg Sack.\n      <\/p>\n      <span>Mehr erfahren<\/span>\n    <\/a>\n\n    <div class=\"produkt-card\">\n      <div class=\"produkt-icon\">\ud83d\udee2\ufe0f<\/div>\n      <h3>AdBlue<\/h3>\n      <p>\n        AdBlue in kleinen und gr\u00f6\u00dfern Mengen an unserer Tankanlage auf unserem Firmengel\u00e4nde in Zweibr\u00fccken erh\u00e4ltlich.\n<br><br>\nGr\u00f6\u00dfere Mengen auch lieferbar.\n      <\/p>\n    <\/div>\n\n    <div class=\"produkt-card\">\n      <div class=\"produkt-icon\">\u2728<\/div>\n      <h3>Additive<\/h3>\n        <p>\n&#8211; Flie\u00dfverbesserer f\u00fcr Hel K\u00e4ltestopp<br>\n&#8211; Flie\u00dfverbesserer f\u00fcr DK K\u00e4ltestopp<br>\n&#8211; Ru\u00dfstopp f\u00fcr \u00d6l\u00f6fen\n\n<\/p>\n    <\/div>\n  <\/div>\n<\/section>\n\n\n\n<p><\/p>\n","protected":false},"excerpt":{"rendered":"<p>\ud83d\udd25 Heiz\u00f6l &#8211; Heiz\u00f6l Schwefelarm DIN 51603-1 &#8211; Heiz\u00f6l Plus additiviert Mehr erfahren \u26fd Diesel &#8211; Diesel additiviert DIN EN [&hellip;]<\/p>\n","protected":false},"author":1,"featured_media":0,"parent":0,"menu_order":0,"comment_status":"closed","ping_status":"closed","template":"","meta":{"site-sidebar-layout":"default","site-content-layout":"","ast-site-content-layout":"default","site-content-style":"default","site-sidebar-style":"default","ast-global-header-display":"","ast-banner-title-visibility":"","ast-main-header-display":"","ast-hfb-above-header-display":"","ast-hfb-below-header-display":"","ast-hfb-mobile-header-display":"","site-post-title":"disabled","ast-breadcrumbs-content":"","ast-featured-img":"","footer-sml-layout":"","ast-disable-related-posts":"","theme-transparent-header-meta":"","adv-header-id-meta":"","stick-header-meta":"","header-above-stick-meta":"","header-main-stick-meta":"","header-below-stick-meta":"","astra-migrate-meta-layouts":"default","ast-page-background-enabled":"default","ast-page-background-meta":{"desktop":{"background-color":"var(--ast-global-color-5)","background-image":"","background-repeat":"repeat","background-position":"center center","background-size":"auto","background-attachment":"scroll","background-type":"","background-media":"","overlay-type":"","overlay-color":"","overlay-opacity":"","overlay-gradient":""},"tablet":{"background-color":"","background-image":"","background-repeat":"repeat","background-position":"center center","background-size":"auto","background-attachment":"scroll","background-type":"","background-media":"","overlay-type":"","overlay-color":"","overlay-opacity":"","overlay-gradient":""},"mobile":{"background-color":"","background-image":"","background-repeat":"repeat","background-position":"center center","background-size":"auto","background-attachment":"scroll","background-type":"","background-media":"","overlay-type":"","overlay-color":"","overlay-opacity":"","overlay-gradient":""}},"ast-content-background-meta":{"desktop":{"background-color":"var(--ast-global-color-4)","background-image":"","background-repeat":"repeat","background-position":"center center","background-size":"auto","background-attachment":"scroll","background-type":"","background-media":"","overlay-type":"","overlay-color":"","overlay-opacity":"","overlay-gradient":""},"tablet":{"background-color":"var(--ast-global-color-4)","background-image":"","background-repeat":"repeat","background-position":"center center","background-size":"auto","background-attachment":"scroll","background-type":"","background-media":"","overlay-type":"","overlay-color":"","overlay-opacity":"","overlay-gradient":""},"mobile":{"background-color":"var(--ast-global-color-4)","background-image":"","background-repeat":"repeat","background-position":"center center","background-size":"auto","background-attachment":"scroll","background-type":"","background-media":"","overlay-type":"","overlay-color":"","overlay-opacity":"","overlay-gradient":""}},"footnotes":""},"class_list":["post-82","page","type-page","status-publish","hentry"],"_links":{"self":[{"href":"https:\/\/neu.heizoel-becker-zweibruecken.de\/index.php?rest_route=\/wp\/v2\/pages\/82","targetHints":{"allow":["GET"]}}],"collection":[{"href":"https:\/\/neu.heizoel-becker-zweibruecken.de\/index.php?rest_route=\/wp\/v2\/pages"}],"about":[{"href":"https:\/\/neu.heizoel-becker-zweibruecken.de\/index.php?rest_route=\/wp\/v2\/types\/page"}],"author":[{"embeddable":true,"href":"https:\/\/neu.heizoel-becker-zweibruecken.de\/index.php?rest_route=\/wp\/v2\/users\/1"}],"replies":[{"embeddable":true,"href":"https:\/\/neu.heizoel-becker-zweibruecken.de\/index.php?rest_route=%2Fwp%2Fv2%2Fcomments&post=82"}],"version-history":[{"count":80,"href":"https:\/\/neu.heizoel-becker-zweibruecken.de\/index.php?rest_route=\/wp\/v2\/pages\/82\/revisions"}],"predecessor-version":[{"id":474,"href":"https:\/\/neu.heizoel-becker-zweibruecken.de\/index.php?rest_route=\/wp\/v2\/pages\/82\/revisions\/474"}],"wp:attachment":[{"href":"https:\/\/neu.heizoel-becker-zweibruecken.de\/index.php?rest_route=%2Fwp%2Fv2%2Fmedia&parent=82"}],"curies":[{"name":"wp","href":"https:\/\/api.w.org\/{rel}","templated":true}]}}