{"id":419,"date":"2026-05-07T18:52:44","date_gmt":"2026-05-07T18:52:44","guid":{"rendered":"https:\/\/neu.heizoel-becker-zweibruecken.de\/?page_id=419"},"modified":"2026-05-08T17:45:41","modified_gmt":"2026-05-08T17:45:41","slug":"holzpellets","status":"publish","type":"page","link":"https:\/\/neu.heizoel-becker-zweibruecken.de\/?page_id=419","title":{"rendered":"Holzpellets"},"content":{"rendered":"\n<p><br>Hochwertige Pellets aus deutscher Produktion als Sackware im 15kg Sack.<br>Hersteller: Ante-Holz<br>Heizwert: 4,9 kWh\/kg<br>Durchmesser: 6 mm<br>Wassergehalt: &lt;10%<br>Aschegehalt: &lt;0,7 Ma.-%<br>Zur Abholung bei uns am Lager in Zweibr\u00fccken im 15kg-Sack oder Palettenweise. Wir haben immer Pellets vorr\u00e4tig.&nbsp;<br>Gerne liefern wir auch Palettenweise mittels LKW und E-Hubwagen.&nbsp;<br>Es besteht auch die M\u00f6glichkeit des Ratenkaufs<br><strong><mark>Weitere Infos telefonisch: <a href=\"tel:+496332906360\">0 63 32 \/ 90 63 60<\/a><\/mark><\/strong><\/p>\n\n\n\n<div class=\"wp-block-columns is-layout-flex wp-container-core-columns-is-layout-e0e4babd wp-block-columns-is-layout-flex\" style=\"padding-right:0;padding-left:0\">\n<div class=\"wp-block-column is-layout-flow wp-block-column-is-layout-flow\">\n<figure class=\"wp-block-gallery has-nested-images columns-2 is-cropped wp-block-gallery-1 is-layout-flex wp-block-gallery-is-layout-flex\" style=\"border-style:none;border-width:0px;border-top-left-radius:0px;border-top-right-radius:0px;border-bottom-left-radius:0px;border-bottom-right-radius:0px\">\n<figure class=\"wp-block-image size-large\"><img loading=\"lazy\" decoding=\"async\" width=\"768\" height=\"1024\" data-id=\"103\" src=\"https:\/\/neu.heizoel-becker-zweibruecken.de\/wp-content\/uploads\/2026\/03\/Pellets-1-768x1024.jpg\" alt=\"\" class=\"wp-image-103\" srcset=\"https:\/\/neu.heizoel-becker-zweibruecken.de\/wp-content\/uploads\/2026\/03\/Pellets-1-768x1024.jpg 768w, https:\/\/neu.heizoel-becker-zweibruecken.de\/wp-content\/uploads\/2026\/03\/Pellets-1-225x300.jpg 225w, https:\/\/neu.heizoel-becker-zweibruecken.de\/wp-content\/uploads\/2026\/03\/Pellets-1-1152x1536.jpg 1152w, https:\/\/neu.heizoel-becker-zweibruecken.de\/wp-content\/uploads\/2026\/03\/Pellets-1.jpg 1536w\" sizes=\"auto, (max-width: 768px) 100vw, 768px\" \/><\/figure>\n\n\n\n<figure class=\"wp-block-image size-large is-style-default\"><img loading=\"lazy\" decoding=\"async\" width=\"1024\" height=\"768\" data-id=\"104\" src=\"https:\/\/neu.heizoel-becker-zweibruecken.de\/wp-content\/uploads\/2026\/03\/Pellets-2-1024x768.jpg\" alt=\"\" class=\"wp-image-104\" srcset=\"https:\/\/neu.heizoel-becker-zweibruecken.de\/wp-content\/uploads\/2026\/03\/Pellets-2-1024x768.jpg 1024w, https:\/\/neu.heizoel-becker-zweibruecken.de\/wp-content\/uploads\/2026\/03\/Pellets-2-300x225.jpg 300w, https:\/\/neu.heizoel-becker-zweibruecken.de\/wp-content\/uploads\/2026\/03\/Pellets-2-768x576.jpg 768w, https:\/\/neu.heizoel-becker-zweibruecken.de\/wp-content\/uploads\/2026\/03\/Pellets-2-1536x1152.jpg 1536w, https:\/\/neu.heizoel-becker-zweibruecken.de\/wp-content\/uploads\/2026\/03\/Pellets-2.jpg 1600w\" sizes=\"auto, (max-width: 1024px) 100vw, 1024px\" \/><\/figure>\n<\/figure>\n<\/div>\n\n\n\n<div class=\"wp-block-column is-layout-flow wp-block-column-is-layout-flow\">\n<div class=\"wp-block-columns is-layout-flex wp-container-core-columns-is-layout-28f84493 wp-block-columns-is-layout-flex\">\n<div class=\"wp-block-column is-layout-flow wp-block-column-is-layout-flow\">\n<figure class=\"wp-block-image size-full\"><img loading=\"lazy\" decoding=\"async\" width=\"144\" height=\"129\" src=\"https:\/\/neu.heizoel-becker-zweibruecken.de\/wp-content\/uploads\/2026\/03\/Pellets-Icon1.png\" alt=\"\" class=\"wp-image-89\"\/><\/figure>\n<\/div>\n\n\n\n<div class=\"wp-block-column is-layout-flow wp-block-column-is-layout-flow\">\n<figure class=\"wp-block-image size-full\"><img loading=\"lazy\" decoding=\"async\" width=\"220\" height=\"167\" src=\"https:\/\/neu.heizoel-becker-zweibruecken.de\/wp-content\/uploads\/2026\/03\/Pellets-Icon2.png\" alt=\"\" class=\"wp-image-90\"\/><\/figure>\n<\/div>\n\n\n\n<div class=\"wp-block-column is-layout-flow wp-block-column-is-layout-flow\">\n<figure class=\"wp-block-image size-full\"><img loading=\"lazy\" decoding=\"async\" width=\"138\" height=\"145\" src=\"https:\/\/neu.heizoel-becker-zweibruecken.de\/wp-content\/uploads\/2026\/03\/Pellets-Icon3.png\" alt=\"\" class=\"wp-image-91\"\/><\/figure>\n<\/div>\n<\/div>\n<\/div>\n<\/div>\n","protected":false},"excerpt":{"rendered":"<p>Hochwertige Pellets aus deutscher Produktion als Sackware im 15kg Sack.Hersteller: Ante-HolzHeizwert: 4,9 kWh\/kgDurchmesser: 6 mmWassergehalt: &lt;10%Aschegehalt: &lt;0,7 Ma.-%Zur Abholung bei [&hellip;]<\/p>\n","protected":false},"author":1,"featured_media":0,"parent":0,"menu_order":0,"comment_status":"closed","ping_status":"closed","template":"","meta":{"site-sidebar-layout":"default","site-content-layout":"","ast-site-content-layout":"default","site-content-style":"default","site-sidebar-style":"default","ast-global-header-display":"","ast-banner-title-visibility":"","ast-main-header-display":"","ast-hfb-above-header-display":"","ast-hfb-below-header-display":"","ast-hfb-mobile-header-display":"","site-post-title":"","ast-breadcrumbs-content":"","ast-featured-img":"","footer-sml-layout":"","ast-disable-related-posts":"","theme-transparent-header-meta":"","adv-header-id-meta":"","stick-header-meta":"","header-above-stick-meta":"","header-main-stick-meta":"","header-below-stick-meta":"","astra-migrate-meta-layouts":"default","ast-page-background-enabled":"default","ast-page-background-meta":{"desktop":{"background-color":"var(--ast-global-color-5)","background-image":"","background-repeat":"repeat","background-position":"center center","background-size":"auto","background-attachment":"scroll","background-type":"","background-media":"","overlay-type":"","overlay-color":"","overlay-opacity":"","overlay-gradient":""},"tablet":{"background-color":"","background-image":"","background-repeat":"repeat","background-position":"center center","background-size":"auto","background-attachment":"scroll","background-type":"","background-media":"","overlay-type":"","overlay-color":"","overlay-opacity":"","overlay-gradient":""},"mobile":{"background-color":"","background-image":"","background-repeat":"repeat","background-position":"center center","background-size":"auto","background-attachment":"scroll","background-type":"","background-media":"","overlay-type":"","overlay-color":"","overlay-opacity":"","overlay-gradient":""}},"ast-content-background-meta":{"desktop":{"background-color":"var(--ast-global-color-4)","background-image":"","background-repeat":"repeat","background-position":"center center","background-size":"auto","background-attachment":"scroll","background-type":"","background-media":"","overlay-type":"","overlay-color":"","overlay-opacity":"","overlay-gradient":""},"tablet":{"background-color":"var(--ast-global-color-4)","background-image":"","background-repeat":"repeat","background-position":"center center","background-size":"auto","background-attachment":"scroll","background-type":"","background-media":"","overlay-type":"","overlay-color":"","overlay-opacity":"","overlay-gradient":""},"mobile":{"background-color":"var(--ast-global-color-4)","background-image":"","background-repeat":"repeat","background-position":"center center","background-size":"auto","background-attachment":"scroll","background-type":"","background-media":"","overlay-type":"","overlay-color":"","overlay-opacity":"","overlay-gradient":""}},"footnotes":""},"class_list":["post-419","page","type-page","status-publish","hentry"],"_links":{"self":[{"href":"https:\/\/neu.heizoel-becker-zweibruecken.de\/index.php?rest_route=\/wp\/v2\/pages\/419","targetHints":{"allow":["GET"]}}],"collection":[{"href":"https:\/\/neu.heizoel-becker-zweibruecken.de\/index.php?rest_route=\/wp\/v2\/pages"}],"about":[{"href":"https:\/\/neu.heizoel-becker-zweibruecken.de\/index.php?rest_route=\/wp\/v2\/types\/page"}],"author":[{"embeddable":true,"href":"https:\/\/neu.heizoel-becker-zweibruecken.de\/index.php?rest_route=\/wp\/v2\/users\/1"}],"replies":[{"embeddable":true,"href":"https:\/\/neu.heizoel-becker-zweibruecken.de\/index.php?rest_route=%2Fwp%2Fv2%2Fcomments&post=419"}],"version-history":[{"count":12,"href":"https:\/\/neu.heizoel-becker-zweibruecken.de\/index.php?rest_route=\/wp\/v2\/pages\/419\/revisions"}],"predecessor-version":[{"id":459,"href":"https:\/\/neu.heizoel-becker-zweibruecken.de\/index.php?rest_route=\/wp\/v2\/pages\/419\/revisions\/459"}],"wp:attachment":[{"href":"https:\/\/neu.heizoel-becker-zweibruecken.de\/index.php?rest_route=%2Fwp%2Fv2%2Fmedia&parent=419"}],"curies":[{"name":"wp","href":"https:\/\/api.w.org\/{rel}","templated":true}]}}