{"id":39,"date":"2026-03-15T14:31:34","date_gmt":"2026-03-15T14:31:34","guid":{"rendered":"https:\/\/neu.heizoel-becker-zweibruecken.de\/?page_id=39"},"modified":"2026-05-09T08:06:57","modified_gmt":"2026-05-09T08:06:57","slug":"ueber-uns","status":"publish","type":"page","link":"https:\/\/neu.heizoel-becker-zweibruecken.de\/","title":{"rendered":"\u00dcber uns"},"content":{"rendered":"\n<div class=\"alignnormal\"><div id=\"metaslider-id-54\" style=\"width: 100%; margin: 0 auto;\" class=\"ml-slider-3-109-0 metaslider metaslider-flex metaslider-54 ml-slider has-onhover-arrows has-dots-nav ms-theme-default-base\" role=\"region\" aria-label=\"\u00dcber uns\" data-height=\"300\" data-width=\"700\">\n    <div id=\"metaslider_container_54\">\n        <div id=\"metaslider_54\">\n            <ul aria-live='off' class='slides'>\n                <li style=\"display: block; width: 100%;\" class=\"slide-61 ms-image \" aria-roledescription=\"slide\" data-date=\"2026-03-15 14:51:04\" data-filename=\"1-700x300.jpg\" data-slide-type=\"image\"><img loading=\"lazy\" decoding=\"async\" src=\"https:\/\/neu.heizoel-becker-zweibruecken.de\/wp-content\/uploads\/2026\/03\/1-700x300.jpg\" height=\"300\" width=\"700\" alt=\"\" class=\"slider-54 slide-61 msDefaultImage\" title=\"1\" \/><\/li>\n                <li style=\"display: none; width: 100%;\" class=\"slide-62 ms-image \" aria-roledescription=\"slide\" data-date=\"2026-03-15 14:51:04\" data-filename=\"2-700x300.jpg\" data-slide-type=\"image\"><img loading=\"lazy\" decoding=\"async\" src=\"https:\/\/neu.heizoel-becker-zweibruecken.de\/wp-content\/uploads\/2026\/03\/2-700x300.jpg\" height=\"300\" width=\"700\" alt=\"\" class=\"slider-54 slide-62 msDefaultImage\" title=\"2\" \/><\/li>\n                <li style=\"display: none; width: 100%;\" class=\"slide-63 ms-image \" aria-roledescription=\"slide\" data-date=\"2026-03-15 14:51:04\" data-filename=\"3-700x300.jpg\" data-slide-type=\"image\"><img loading=\"lazy\" decoding=\"async\" src=\"https:\/\/neu.heizoel-becker-zweibruecken.de\/wp-content\/uploads\/2026\/03\/3-700x300.jpg\" height=\"300\" width=\"700\" alt=\"\" class=\"slider-54 slide-63 msDefaultImage\" title=\"3\" \/><\/li>\n                <li style=\"display: none; width: 100%;\" class=\"slide-64 ms-image \" aria-roledescription=\"slide\" data-date=\"2026-03-15 14:51:04\" data-filename=\"4-700x300.jpg\" data-slide-type=\"image\"><img loading=\"lazy\" decoding=\"async\" src=\"https:\/\/neu.heizoel-becker-zweibruecken.de\/wp-content\/uploads\/2026\/03\/4-700x300.jpg\" height=\"300\" width=\"700\" alt=\"\" class=\"slider-54 slide-64 msDefaultImage\" title=\"4\" \/><\/li>\n                <li style=\"display: none; width: 100%;\" class=\"slide-65 ms-image \" aria-roledescription=\"slide\" data-date=\"2026-03-15 14:51:04\" data-filename=\"5-700x300.jpg\" data-slide-type=\"image\"><img loading=\"lazy\" decoding=\"async\" src=\"https:\/\/neu.heizoel-becker-zweibruecken.de\/wp-content\/uploads\/2026\/03\/5-700x300.jpg\" height=\"300\" width=\"700\" alt=\"\" class=\"slider-54 slide-65 msDefaultImage\" title=\"5\" \/><\/li>\n            <\/ul>\n        <\/div>\n        \n    <\/div>\n<\/div><\/div>\n\n\n\n<div class=\"wp-block-group firma-intro-block is-layout-constrained wp-block-group-is-layout-constrained\">\n<h3 class=\"wp-block-heading has-text-align-center\">Wir sind ihr lokaler Mineral\u00f6lh\u00e4ndler seit 1997<\/h3>\n\n\n\n<h4 class=\"wp-block-heading has-text-align-center\">Heiz\u00f6l + Diesel + Pellets<\/h4>\n\n\n\n<div class=\"wp-block-group is-horizontal is-content-justification-center is-nowrap is-layout-flex wp-container-core-group-is-layout-c4a70703 wp-block-group-is-layout-flex\" style=\"margin-top:var(--wp--preset--spacing--40);margin-bottom:var(--wp--preset--spacing--40);padding-top:0;padding-right:0;padding-bottom:0;padding-left:0\">\n<figure class=\"wp-block-image aligncenter size-large is-resized is-style-default\" style=\"margin-right:0;margin-left:0\"><a href=\"https:\/\/neu.heizoel-becker-zweibruecken.de\/?page_id=187\"><img loading=\"lazy\" decoding=\"async\" width=\"1024\" height=\"157\" src=\"https:\/\/neu.heizoel-becker-zweibruecken.de\/wp-content\/uploads\/2026\/03\/Ratenkauf-1-1024x157.png\" alt=\"\" class=\"wp-image-129\" style=\"width:362px;height:auto\" srcset=\"https:\/\/neu.heizoel-becker-zweibruecken.de\/wp-content\/uploads\/2026\/03\/Ratenkauf-1-1024x157.png 1024w, https:\/\/neu.heizoel-becker-zweibruecken.de\/wp-content\/uploads\/2026\/03\/Ratenkauf-1-300x46.png 300w, https:\/\/neu.heizoel-becker-zweibruecken.de\/wp-content\/uploads\/2026\/03\/Ratenkauf-1-768x118.png 768w, https:\/\/neu.heizoel-becker-zweibruecken.de\/wp-content\/uploads\/2026\/03\/Ratenkauf-1.png 1060w\" sizes=\"auto, (max-width: 1024px) 100vw, 1024px\" \/><\/a><\/figure>\n<\/div>\n\n\n\n<p>Als kleines mittelst\u00e4nidsches Unternehmen mit Sitz in Zweibr\u00fccken beliefern wir Sie zuverl\u00e4ssig mit Heiz\u00f6l, Kraftstoffen und Pellets.<\/p>\n\n\n\n<p>Wir haben uns dabei auf den Telefonverkauf spezialisiert, da uns der direkte Kontakt mit dem Kunden noch wichtig ist und wir so auch die M\u00f6glichkeit haben, schon im Verkaufsgespr\u00e4ch auf die individuellen W\u00fcnsche unserer Kunden einzugehen.<\/p>\n\n\n\n<p>Als unabh\u00e4ngiger H\u00e4ndler k\u00f6nnen wir ohne Zwang von gro\u00dfen \u00d6lkonzernen agieren und bieten unseren Kunden mit unserem eigenen, modernen Fuhrpark sowie eingespielten Betriebsabl\u00e4ufen kurze Lieferzeiten und einen ausgezeichneten Service .<\/p>\n\n\n\n<h4 class=\"wp-block-heading has-text-align-center\">Historie<\/h4>\n\n\n\n<ul class=\"wp-block-list\">\n<li>1997 Gr\u00fcndung der Firma Becker GmbH (als Spedition)<\/li>\n\n\n\n<li>2001 Beginn mit eigenem Mineral\u00f6lhandel<\/li>\n\n\n\n<li>2002 Anschaffung eines zweiten Tankwagens<\/li>\n\n\n\n<li>2003 Kauf eines Gewerbegrundst\u00fcckes beim Flugplatz Zweibr\u00fccken<\/li>\n\n\n\n<li>2004 Bau unserer Halle<\/li>\n\n\n\n<li>2007 Bau eins Tanklagers f\u00fcr Heiz\u00f6l und Diesel<\/li>\n\n\n\n<li>2008 Anschaffung eines Tankautomats (Dieseltank) f\u00fcr den Flugplatz Zweibr\u00fccken<\/li>\n\n\n\n<li>2009 Anschaffung eines dritten Tankwagens<\/li>\n\n\n\n<li>2010 Gesch\u00e4fts\u00fcbernahme der Fa. Hemmer Contwig zum 01.08.2010<\/li>\n\n\n\n<li>2010 Gesch\u00e4fts\u00fcbernahme der Fa. Sch\u00e4fer Wallhalben zum 30.09.2010<\/li>\n\n\n\n<li>2011 \u00dcbernahme der Tankstelle Fa.Sch\u00e4fer und Umbau auf Tankautomaten<\/li>\n\n\n\n<li>2012 Anbau an Firmen-Halle<\/li>\n\n\n\n<li>2013 Anschaffung eines Fahrzeuges f\u00fcr Heiz\u00f6l-Eillieferungen<\/li>\n\n\n\n<li>2015 Anschaffung eines neuen Computerprogrammes<\/li>\n\n\n\n<li>2019 Bau eines B\u00fcrogeb\u00e4udes auf dem Firmengrundst\u00fcck am Flugplatz<\/li>\n\n\n\n<li>2019 \u00dcbernahme der Fa. Milutzki in Donsieders<\/li>\n\n\n\n<li>2022 25-j\u00e4hriges Firmenjubil\u00e4um<\/li>\n\n\n\n<li>2024 Anschaffung einer AdBlue-Zapfs\u00e4ule auf dem Firmengrundst\u00fcck am Flugplatz<\/li>\n\n\n\n<li>2025 Beginn mit dem Handel von Holzpellets<\/li>\n<\/ul>\n<\/div>\n","protected":false},"excerpt":{"rendered":"<p>Wir sind ihr lokaler Mineral\u00f6lh\u00e4ndler seit 1997 Heiz\u00f6l + Diesel + Pellets Als kleines mittelst\u00e4nidsches Unternehmen mit Sitz in Zweibr\u00fccken [&hellip;]<\/p>\n","protected":false},"author":1,"featured_media":0,"parent":0,"menu_order":0,"comment_status":"closed","ping_status":"closed","template":"","meta":{"site-sidebar-layout":"default","site-content-layout":"","ast-site-content-layout":"default","site-content-style":"default","site-sidebar-style":"default","ast-global-header-display":"","ast-banner-title-visibility":"","ast-main-header-display":"","ast-hfb-above-header-display":"","ast-hfb-below-header-display":"","ast-hfb-mobile-header-display":"","site-post-title":"disabled","ast-breadcrumbs-content":"","ast-featured-img":"","footer-sml-layout":"","ast-disable-related-posts":"","theme-transparent-header-meta":"","adv-header-id-meta":"","stick-header-meta":"","header-above-stick-meta":"","header-main-stick-meta":"","header-below-stick-meta":"","astra-migrate-meta-layouts":"default","ast-page-background-enabled":"default","ast-page-background-meta":{"desktop":{"background-color":"var(--ast-global-color-5)","background-image":"","background-repeat":"repeat","background-position":"center center","background-size":"auto","background-attachment":"scroll","background-type":"","background-media":"","overlay-type":"","overlay-color":"","overlay-opacity":"","overlay-gradient":""},"tablet":{"background-color":"","background-image":"","background-repeat":"repeat","background-position":"center center","background-size":"auto","background-attachment":"scroll","background-type":"","background-media":"","overlay-type":"","overlay-color":"","overlay-opacity":"","overlay-gradient":""},"mobile":{"background-color":"","background-image":"","background-repeat":"repeat","background-position":"center center","background-size":"auto","background-attachment":"scroll","background-type":"","background-media":"","overlay-type":"","overlay-color":"","overlay-opacity":"","overlay-gradient":""}},"ast-content-background-meta":{"desktop":{"background-color":"var(--ast-global-color-4)","background-image":"","background-repeat":"repeat","background-position":"center center","background-size":"auto","background-attachment":"scroll","background-type":"","background-media":"","overlay-type":"","overlay-color":"","overlay-opacity":"","overlay-gradient":""},"tablet":{"background-color":"var(--ast-global-color-4)","background-image":"","background-repeat":"repeat","background-position":"center center","background-size":"auto","background-attachment":"scroll","background-type":"","background-media":"","overlay-type":"","overlay-color":"","overlay-opacity":"","overlay-gradient":""},"mobile":{"background-color":"var(--ast-global-color-4)","background-image":"","background-repeat":"repeat","background-position":"center center","background-size":"auto","background-attachment":"scroll","background-type":"","background-media":"","overlay-type":"","overlay-color":"","overlay-opacity":"","overlay-gradient":""}},"footnotes":""},"class_list":["post-39","page","type-page","status-publish","hentry"],"_links":{"self":[{"href":"https:\/\/neu.heizoel-becker-zweibruecken.de\/index.php?rest_route=\/wp\/v2\/pages\/39","targetHints":{"allow":["GET"]}}],"collection":[{"href":"https:\/\/neu.heizoel-becker-zweibruecken.de\/index.php?rest_route=\/wp\/v2\/pages"}],"about":[{"href":"https:\/\/neu.heizoel-becker-zweibruecken.de\/index.php?rest_route=\/wp\/v2\/types\/page"}],"author":[{"embeddable":true,"href":"https:\/\/neu.heizoel-becker-zweibruecken.de\/index.php?rest_route=\/wp\/v2\/users\/1"}],"replies":[{"embeddable":true,"href":"https:\/\/neu.heizoel-becker-zweibruecken.de\/index.php?rest_route=%2Fwp%2Fv2%2Fcomments&post=39"}],"version-history":[{"count":25,"href":"https:\/\/neu.heizoel-becker-zweibruecken.de\/index.php?rest_route=\/wp\/v2\/pages\/39\/revisions"}],"predecessor-version":[{"id":473,"href":"https:\/\/neu.heizoel-becker-zweibruecken.de\/index.php?rest_route=\/wp\/v2\/pages\/39\/revisions\/473"}],"wp:attachment":[{"href":"https:\/\/neu.heizoel-becker-zweibruecken.de\/index.php?rest_route=%2Fwp%2Fv2%2Fmedia&parent=39"}],"curies":[{"name":"wp","href":"https:\/\/api.w.org\/{rel}","templated":true}]}}