{"id":343,"date":"2026-03-28T07:55:20","date_gmt":"2026-03-28T07:55:20","guid":{"rendered":"https:\/\/neu.heizoel-becker-zweibruecken.de\/?page_id=343"},"modified":"2026-05-08T19:47:01","modified_gmt":"2026-05-08T19:47:01","slug":"impressum","status":"publish","type":"page","link":"https:\/\/neu.heizoel-becker-zweibruecken.de\/?page_id=343","title":{"rendered":"Impressum"},"content":{"rendered":"\n<h4 class=\"wp-block-heading\">Angaben gem\u00e4\u00df \u00a7 5 DDG<\/h4>\n\n\n\n<p>Heiz\u00f6l Becker GmbH<br>G\u00f6teborger Str. 26<br>66482 Zweibr\u00fccken<br>Deutschland<\/p>\n\n\n\n<h4 class=\"wp-block-heading\">Vertreten durch<\/h4>\n\n\n\n<p>Thomas Becker<\/p>\n\n\n\n<h4 class=\"wp-block-heading\">Kontakt<\/h4>\n\n\n\n<p>Telefon: 0 63 32 \/ 90 63 60<br>Telefax: 0 63 32 \/ 90 63 61<br>E-Mail: <a>Becker.Oeltankservice@t-online.de<\/a><\/p>\n\n\n\n<h4 class=\"wp-block-heading\">Registereintrag<\/h4>\n\n\n\n<p>Eintragung im Handelsregister.<br>Registergericht: Amtsgericht Zweibr\u00fccken<br>Registernummer: HRB 1577<\/p>\n\n\n\n<h4 class=\"wp-block-heading\">Umsatzsteuer-ID<\/h4>\n\n\n\n<p>Umsatzsteuer-Identifikationsnummer gem\u00e4\u00df \u00a7 27a Umsatzsteuergesetz:<br>DE 187778209<\/p>\n\n\n\n<h4 class=\"wp-block-heading\">Redaktionell verantwortlich<\/h4>\n\n\n\n<p>Thomas Becker<br>G\u00f6teborger Str. 26<br>66482 Zweibr\u00fccken<br>Deutschland<\/p>\n\n\n\n<h4 class=\"wp-block-heading\">Verbraucherstreitbeilegung<\/h4>\n\n\n\n<p>Wir sind nicht bereit und nicht verpflichtet, an Streitbeilegungsverfahren vor einer Verbraucherschlichtungsstelle teilzunehmen.<\/p>\n\n\n\n<p>Ein Hinweis auf die fr\u00fchere EU-Online-Streitbeilegungsplattform sollte nicht mehr eingef\u00fcgt werden, weil die Plattform seit dem 20. Juli 2025 eingestellt ist.<\/p>\n\n\n\n<h4 class=\"wp-block-heading\">Bildnachweise<\/h4>\n\n\n\n<p>Soweit nicht anders angegeben, stammen die auf dieser Website verwendeten Bilder, Grafiken und Medien von der Heiz\u00f6l Becker GmbH.<\/p>\n\n\n\n<p>Die auf der Liefergebietskarte verwendeten Kartendaten stammen \u2014 sofern OpenStreetMap-Kartenmaterial genutzt wird \u2014 von OpenStreetMap und den jeweiligen Mitwirkenden.<\/p>\n\n\n\n<h4 class=\"wp-block-heading\">Haftung f\u00fcr Inhalte<\/h4>\n\n\n\n<p>Als Diensteanbieter sind wir f\u00fcr eigene Inhalte auf diesen Seiten nach den allgemeinen Gesetzen verantwortlich. Wir sind jedoch nicht verpflichtet, \u00fcbermittelte oder gespeicherte fremde Informationen zu \u00fcberwachen oder nach Umst\u00e4nden zu suchen, die auf eine rechtswidrige T\u00e4tigkeit hinweisen.<\/p>\n\n\n\n<p>Verpflichtungen zur Entfernung oder Sperrung der Nutzung von Informationen nach den allgemeinen gesetzlichen Vorschriften bleiben hiervon unber\u00fchrt. Eine Haftung ist jedoch erst ab dem Zeitpunkt der Kenntnis einer konkreten Rechtsverletzung m\u00f6glich. Bei Bekanntwerden entsprechender Rechtsverletzungen werden wir diese Inhalte umgehend entfernen.<\/p>\n\n\n\n<h4 class=\"wp-block-heading\">Haftung f\u00fcr Links<\/h4>\n\n\n\n<p>Unsere Website kann Links zu externen Websites Dritter enthalten, auf deren Inhalte wir keinen Einfluss haben. Deshalb k\u00f6nnen wir f\u00fcr diese fremden Inhalte keine Gew\u00e4hr \u00fcbernehmen.<\/p>\n\n\n\n<p>F\u00fcr die Inhalte der verlinkten Seiten ist stets der jeweilige Anbieter oder Betreiber der Seiten verantwortlich. Bei Bekanntwerden von Rechtsverletzungen werden wir derartige Links umgehend entfernen.<\/p>\n\n\n\n<h4 class=\"wp-block-heading\">Urheberrecht<\/h4>\n\n\n\n<p>Die durch die Seitenbetreiber erstellten Inhalte und Werke auf dieser Website unterliegen dem deutschen Urheberrecht. Beitr\u00e4ge Dritter sind als solche gekennzeichnet.<\/p>\n\n\n\n<p>Die Vervielf\u00e4ltigung, Bearbeitung, Verbreitung oder sonstige Verwertung au\u00dferhalb der Grenzen des Urheberrechts bedarf der vorherigen schriftlichen Zustimmung des jeweiligen Rechteinhabers.<\/p>\n\n\n\n<p><\/p>\n","protected":false},"excerpt":{"rendered":"<p>Angaben gem\u00e4\u00df \u00a7 5 DDG Heiz\u00f6l Becker GmbHG\u00f6teborger Str. 2666482 Zweibr\u00fcckenDeutschland Vertreten durch Thomas Becker Kontakt Telefon: 0 63 32 [&hellip;]<\/p>\n","protected":false},"author":1,"featured_media":0,"parent":0,"menu_order":0,"comment_status":"closed","ping_status":"closed","template":"","meta":{"site-sidebar-layout":"default","site-content-layout":"","ast-site-content-layout":"default","site-content-style":"default","site-sidebar-style":"default","ast-global-header-display":"","ast-banner-title-visibility":"","ast-main-header-display":"","ast-hfb-above-header-display":"","ast-hfb-below-header-display":"","ast-hfb-mobile-header-display":"","site-post-title":"","ast-breadcrumbs-content":"","ast-featured-img":"","footer-sml-layout":"","ast-disable-related-posts":"","theme-transparent-header-meta":"","adv-header-id-meta":"","stick-header-meta":"","header-above-stick-meta":"","header-main-stick-meta":"","header-below-stick-meta":"","astra-migrate-meta-layouts":"default","ast-page-background-enabled":"default","ast-page-background-meta":{"desktop":{"background-color":"var(--ast-global-color-5)","background-image":"","background-repeat":"repeat","background-position":"center center","background-size":"auto","background-attachment":"scroll","background-type":"","background-media":"","overlay-type":"","overlay-color":"","overlay-opacity":"","overlay-gradient":""},"tablet":{"background-color":"","background-image":"","background-repeat":"repeat","background-position":"center center","background-size":"auto","background-attachment":"scroll","background-type":"","background-media":"","overlay-type":"","overlay-color":"","overlay-opacity":"","overlay-gradient":""},"mobile":{"background-color":"","background-image":"","background-repeat":"repeat","background-position":"center center","background-size":"auto","background-attachment":"scroll","background-type":"","background-media":"","overlay-type":"","overlay-color":"","overlay-opacity":"","overlay-gradient":""}},"ast-content-background-meta":{"desktop":{"background-color":"var(--ast-global-color-4)","background-image":"","background-repeat":"repeat","background-position":"center center","background-size":"auto","background-attachment":"scroll","background-type":"","background-media":"","overlay-type":"","overlay-color":"","overlay-opacity":"","overlay-gradient":""},"tablet":{"background-color":"var(--ast-global-color-4)","background-image":"","background-repeat":"repeat","background-position":"center center","background-size":"auto","background-attachment":"scroll","background-type":"","background-media":"","overlay-type":"","overlay-color":"","overlay-opacity":"","overlay-gradient":""},"mobile":{"background-color":"var(--ast-global-color-4)","background-image":"","background-repeat":"repeat","background-position":"center center","background-size":"auto","background-attachment":"scroll","background-type":"","background-media":"","overlay-type":"","overlay-color":"","overlay-opacity":"","overlay-gradient":""}},"footnotes":""},"class_list":["post-343","page","type-page","status-publish","hentry"],"_links":{"self":[{"href":"https:\/\/neu.heizoel-becker-zweibruecken.de\/index.php?rest_route=\/wp\/v2\/pages\/343","targetHints":{"allow":["GET"]}}],"collection":[{"href":"https:\/\/neu.heizoel-becker-zweibruecken.de\/index.php?rest_route=\/wp\/v2\/pages"}],"about":[{"href":"https:\/\/neu.heizoel-becker-zweibruecken.de\/index.php?rest_route=\/wp\/v2\/types\/page"}],"author":[{"embeddable":true,"href":"https:\/\/neu.heizoel-becker-zweibruecken.de\/index.php?rest_route=\/wp\/v2\/users\/1"}],"replies":[{"embeddable":true,"href":"https:\/\/neu.heizoel-becker-zweibruecken.de\/index.php?rest_route=%2Fwp%2Fv2%2Fcomments&post=343"}],"version-history":[{"count":14,"href":"https:\/\/neu.heizoel-becker-zweibruecken.de\/index.php?rest_route=\/wp\/v2\/pages\/343\/revisions"}],"predecessor-version":[{"id":466,"href":"https:\/\/neu.heizoel-becker-zweibruecken.de\/index.php?rest_route=\/wp\/v2\/pages\/343\/revisions\/466"}],"wp:attachment":[{"href":"https:\/\/neu.heizoel-becker-zweibruecken.de\/index.php?rest_route=%2Fwp%2Fv2%2Fmedia&parent=343"}],"curies":[{"name":"wp","href":"https:\/\/api.w.org\/{rel}","templated":true}]}}