{"id":196,"date":"2026-03-22T09:39:24","date_gmt":"2026-03-22T09:39:24","guid":{"rendered":"https:\/\/neu.heizoel-becker-zweibruecken.de\/?page_id=196"},"modified":"2026-05-08T18:56:58","modified_gmt":"2026-05-08T18:56:58","slug":"tankstellen","status":"publish","type":"page","link":"https:\/\/neu.heizoel-becker-zweibruecken.de\/?page_id=196","title":{"rendered":"Tankstellen"},"content":{"rendered":"\n<p>Bei uns k\u00f6nnen Sie preisg\u00fcnstig Markenkraftstoffe tanken, da wir unabh\u00e4ngiger Mineral\u00f6lh\u00e4ndler sind und bei uns alles durch einen eigenen Fuhrpark transportiert wird.<\/p>\n\n\n\n<p>An unserem Standort Zweibr\u00fccken Flughafen (Autobahnn\u00e4he ca. 1 km) kann man 24h \u00fcber unsere Firmenkarte tanken.<\/p>\n\n\n\n<p>Bei unserer Tankstelle in Wallhalben haben Sie dar\u00fcber hinaus die M\u00f6glichkeit, von 5-23 Uhr zu tanken. Bezahlen k\u00f6nnen Sie an unseren Automaten entweder mit Bargeld oder bequem via EC-Karte oder Kundenkarte.<\/p>\n\n\n\n<div style=\"height:100px\" aria-hidden=\"true\" class=\"wp-block-spacer\"><\/div>\n","protected":false},"excerpt":{"rendered":"<p>Bei uns k\u00f6nnen Sie preisg\u00fcnstig Markenkraftstoffe tanken, da wir unabh\u00e4ngiger Mineral\u00f6lh\u00e4ndler sind und bei uns alles durch einen eigenen Fuhrpark [&hellip;]<\/p>\n","protected":false},"author":1,"featured_media":0,"parent":0,"menu_order":0,"comment_status":"closed","ping_status":"closed","template":"","meta":{"site-sidebar-layout":"default","site-content-layout":"","ast-site-content-layout":"default","site-content-style":"default","site-sidebar-style":"default","ast-global-header-display":"","ast-banner-title-visibility":"","ast-main-header-display":"","ast-hfb-above-header-display":"","ast-hfb-below-header-display":"","ast-hfb-mobile-header-display":"","site-post-title":"","ast-breadcrumbs-content":"","ast-featured-img":"","footer-sml-layout":"","ast-disable-related-posts":"","theme-transparent-header-meta":"","adv-header-id-meta":"","stick-header-meta":"","header-above-stick-meta":"","header-main-stick-meta":"","header-below-stick-meta":"","astra-migrate-meta-layouts":"default","ast-page-background-enabled":"default","ast-page-background-meta":{"desktop":{"background-color":"var(--ast-global-color-5)","background-image":"","background-repeat":"repeat","background-position":"center center","background-size":"auto","background-attachment":"scroll","background-type":"","background-media":"","overlay-type":"","overlay-color":"","overlay-opacity":"","overlay-gradient":""},"tablet":{"background-color":"","background-image":"","background-repeat":"repeat","background-position":"center center","background-size":"auto","background-attachment":"scroll","background-type":"","background-media":"","overlay-type":"","overlay-color":"","overlay-opacity":"","overlay-gradient":""},"mobile":{"background-color":"","background-image":"","background-repeat":"repeat","background-position":"center center","background-size":"auto","background-attachment":"scroll","background-type":"","background-media":"","overlay-type":"","overlay-color":"","overlay-opacity":"","overlay-gradient":""}},"ast-content-background-meta":{"desktop":{"background-color":"var(--ast-global-color-4)","background-image":"","background-repeat":"repeat","background-position":"center center","background-size":"auto","background-attachment":"scroll","background-type":"","background-media":"","overlay-type":"","overlay-color":"","overlay-opacity":"","overlay-gradient":""},"tablet":{"background-color":"var(--ast-global-color-4)","background-image":"","background-repeat":"repeat","background-position":"center center","background-size":"auto","background-attachment":"scroll","background-type":"","background-media":"","overlay-type":"","overlay-color":"","overlay-opacity":"","overlay-gradient":""},"mobile":{"background-color":"var(--ast-global-color-4)","background-image":"","background-repeat":"repeat","background-position":"center center","background-size":"auto","background-attachment":"scroll","background-type":"","background-media":"","overlay-type":"","overlay-color":"","overlay-opacity":"","overlay-gradient":""}},"footnotes":""},"class_list":["post-196","page","type-page","status-publish","hentry"],"_links":{"self":[{"href":"https:\/\/neu.heizoel-becker-zweibruecken.de\/index.php?rest_route=\/wp\/v2\/pages\/196","targetHints":{"allow":["GET"]}}],"collection":[{"href":"https:\/\/neu.heizoel-becker-zweibruecken.de\/index.php?rest_route=\/wp\/v2\/pages"}],"about":[{"href":"https:\/\/neu.heizoel-becker-zweibruecken.de\/index.php?rest_route=\/wp\/v2\/types\/page"}],"author":[{"embeddable":true,"href":"https:\/\/neu.heizoel-becker-zweibruecken.de\/index.php?rest_route=\/wp\/v2\/users\/1"}],"replies":[{"embeddable":true,"href":"https:\/\/neu.heizoel-becker-zweibruecken.de\/index.php?rest_route=%2Fwp%2Fv2%2Fcomments&post=196"}],"version-history":[{"count":2,"href":"https:\/\/neu.heizoel-becker-zweibruecken.de\/index.php?rest_route=\/wp\/v2\/pages\/196\/revisions"}],"predecessor-version":[{"id":463,"href":"https:\/\/neu.heizoel-becker-zweibruecken.de\/index.php?rest_route=\/wp\/v2\/pages\/196\/revisions\/463"}],"wp:attachment":[{"href":"https:\/\/neu.heizoel-becker-zweibruecken.de\/index.php?rest_route=%2Fwp%2Fv2%2Fmedia&parent=196"}],"curies":[{"name":"wp","href":"https:\/\/api.w.org\/{rel}","templated":true}]}}